{"id":2173,"date":"2022-12-22T17:30:05","date_gmt":"2022-12-22T17:30:05","guid":{"rendered":"https:\/\/ramzep.com\/?page_id=2173"},"modified":"2022-12-23T03:52:04","modified_gmt":"2022-12-23T03:52:04","slug":"ingeieria","status":"publish","type":"page","link":"https:\/\/ramzep.com\/index.php\/ingeieria\/","title":{"rendered":"Ingenieria"},"content":{"rendered":"\n<div class=\"wp-block-uagb-container uagb-block-1be11c43 alignfull uagb-is-root-container\"><div class=\"uagb-container-inner-blocks-wrap\">\n<div class=\"wp-block-uagb-advanced-heading uagb-block-f7c5cf2d\"><h1 class=\"uagb-heading-text\">ingenieria<\/h1><\/div>\n<\/div><\/div>\n\n\n\n<div class=\"wp-block-uagb-container uagb-block-06b4e95c alignfull uagb-is-root-container\"><div class=\"uagb-container-inner-blocks-wrap\"><\/div><\/div>\n\n\n\n<div class=\"wp-block-uagb-container uagb-block-846ed471 alignfull uagb-is-root-container\"><div class=\"uagb-container-inner-blocks-wrap\"><\/div><\/div>\n\n\n\n<div class=\"wp-block-uagb-container uagb-block-cd76e663 alignfull uagb-is-root-container\"><div class=\"uagb-container-inner-blocks-wrap\"><\/div><\/div>\n\n\n\n<div class=\"wp-block-uagb-advanced-heading uagb-block-e3ae0fec\"><h2 class=\"uagb-heading-text\">DISE\u00d1O ESTRUCTURAL<\/h2><\/div>\n\n\n\n<div class=\"wp-block-uagb-container uagb-block-afe0512b alignfull uagb-is-root-container\"><div class=\"uagb-container-inner-blocks-wrap\"><\/div><\/div>\n\n\n\n<div class=\"wp-block-media-text alignwide has-media-on-the-right is-stacked-on-mobile\" style=\"grid-template-columns:auto 54%\"><div class=\"wp-block-media-text__content\">\n<p class=\"has-medium-font-size\" id=\"block-64b542cb-c57d-427c-a39f-7e36405f5836\">Modelado, an\u00e1lisis y dise\u00f1o de estructuras de concreto reforzado, acero estructural, mamposter\u00eda reforzada y confinada. Sometidas a acciones horizontales y verticales; as\u00ed como la elaboraci\u00f3n de planos necesarios para la entrega de proyecto ejecutivo.   Trabajamos en un dise\u00f1o sustentable y funcional de las estructuras, para garantizar al cliente la mejor calidad al menor costo, siguiendo los m\u00e1s estrictos c\u00f3digos de dise\u00f1o nacionales e internacionales.  <\/p>\n\n\n\n<p class=\"has-medium-font-size\" id=\"block-64b542cb-c57d-427c-a39f-7e36405f5836\">   \u27a4  Puentes vehiculares.   <\/p>\n\n\n\n<p class=\"has-medium-font-size\" id=\"block-64b542cb-c57d-427c-a39f-7e36405f5836\">  \u27a4    Naves Industriales.     <\/p>\n\n\n\n<p class=\"has-medium-font-size\" id=\"block-64b542cb-c57d-427c-a39f-7e36405f5836\">  \u27a4  Edificios.<\/p>\n<\/div><figure class=\"wp-block-media-text__media\"><img decoding=\"async\" loading=\"lazy\" width=\"678\" height=\"501\" src=\"http:\/\/ramzep.com\/wp-content\/uploads\/2022\/12\/Imagen2.jpg\" alt=\"\" class=\"wp-image-2176 size-full\" srcset=\"https:\/\/ramzep.com\/wp-content\/uploads\/2022\/12\/Imagen2.jpg 678w, https:\/\/ramzep.com\/wp-content\/uploads\/2022\/12\/Imagen2-300x222.jpg 300w\" sizes=\"(max-width: 678px) 100vw, 678px\" \/><\/figure><\/div>\n","protected":false},"excerpt":{"rendered":"<p>Modelado, an\u00e1lisis y dise\u00f1o de estructuras de concreto reforzado, acero estructural, mamposter\u00eda reforzada y confinada. Sometidas a acciones horizontales y verticales; as\u00ed como la elaboraci\u00f3n de planos necesarios para la entrega de proyecto ejecutivo. Trabajamos en un dise\u00f1o sustentable y funcional de las estructuras, para garantizar al cliente la mejor calidad al menor costo, siguiendo &hellip;<\/p>\n<p class=\"read-more\"> <a class=\"\" href=\"https:\/\/ramzep.com\/index.php\/ingeieria\/\"> <span class=\"screen-reader-text\">Ingenieria<\/span> Leer m\u00e1s &raquo;<\/a><\/p>\n","protected":false},"author":1,"featured_media":0,"parent":0,"menu_order":0,"comment_status":"closed","ping_status":"closed","template":"","meta":{"om_disable_all_campaigns":false,"_uag_custom_page_level_css":"","_mi_skip_tracking":false,"site-sidebar-layout":"no-sidebar","site-content-layout":"plain-container","ast-global-header-display":"","ast-main-header-display":"","ast-hfb-above-header-display":"","ast-hfb-below-header-display":"","ast-hfb-mobile-header-display":"","site-post-title":"disabled","ast-breadcrumbs-content":"","ast-featured-img":"","footer-sml-layout":"","theme-transparent-header-meta":"default","adv-header-id-meta":"","stick-header-meta":"","header-above-stick-meta":"","header-main-stick-meta":"","header-below-stick-meta":""},"aioseo_notices":[],"uagb_featured_image_src":{"full":false,"thumbnail":false,"medium":false,"medium_large":false,"large":false,"1536x1536":false,"2048x2048":false},"uagb_author_info":{"display_name":"jesus_ramirez96@live.com","author_link":"https:\/\/ramzep.com\/index.php\/author\/jesus_ramirez96live-com\/"},"uagb_comment_info":0,"uagb_excerpt":"Modelado, an\u00e1lisis y dise\u00f1o de estructuras de concreto reforzado, acero estructural, mamposter\u00eda reforzada y confinada. Sometidas a acciones horizontales y verticales; as\u00ed como la elaboraci\u00f3n de planos necesarios para la entrega de proyecto ejecutivo. Trabajamos en un dise\u00f1o sustentable y funcional de las estructuras, para garantizar al cliente la mejor calidad al menor costo, siguiendo&hellip;","_links":{"self":[{"href":"https:\/\/ramzep.com\/index.php\/wp-json\/wp\/v2\/pages\/2173"}],"collection":[{"href":"https:\/\/ramzep.com\/index.php\/wp-json\/wp\/v2\/pages"}],"about":[{"href":"https:\/\/ramzep.com\/index.php\/wp-json\/wp\/v2\/types\/page"}],"author":[{"embeddable":true,"href":"https:\/\/ramzep.com\/index.php\/wp-json\/wp\/v2\/users\/1"}],"replies":[{"embeddable":true,"href":"https:\/\/ramzep.com\/index.php\/wp-json\/wp\/v2\/comments?post=2173"}],"version-history":[{"count":25,"href":"https:\/\/ramzep.com\/index.php\/wp-json\/wp\/v2\/pages\/2173\/revisions"}],"predecessor-version":[{"id":2377,"href":"https:\/\/ramzep.com\/index.php\/wp-json\/wp\/v2\/pages\/2173\/revisions\/2377"}],"wp:attachment":[{"href":"https:\/\/ramzep.com\/index.php\/wp-json\/wp\/v2\/media?parent=2173"}],"curies":[{"name":"wp","href":"https:\/\/api.w.org\/{rel}","templated":true}]}}