{"id":2361,"date":"2022-12-23T03:39:30","date_gmt":"2022-12-23T03:39:30","guid":{"rendered":"https:\/\/ramzep.com\/?page_id=2361"},"modified":"2022-12-23T04:10:48","modified_gmt":"2022-12-23T04:10:48","slug":"construccion","status":"publish","type":"page","link":"https:\/\/ramzep.com\/index.php\/construccion\/","title":{"rendered":"Construccion"},"content":{"rendered":"\n<div class=\"wp-block-uagb-container uagb-block-e7d89770 alignfull uagb-is-root-container\"><div class=\"uagb-container-inner-blocks-wrap\">\n<div class=\"wp-block-uagb-advanced-heading uagb-block-81ba6b84\"><h1 class=\"uagb-heading-text\">CONSTRUCCION<\/h1><\/div>\n<\/div><\/div>\n\n\n\n<div class=\"wp-block-uagb-container uagb-block-68f22bcf alignfull uagb-is-root-container\"><div class=\"uagb-container-inner-blocks-wrap\"><\/div><\/div>\n\n\n\n<div class=\"wp-block-uagb-container uagb-block-c8048303 alignfull uagb-is-root-container\"><div class=\"uagb-container-inner-blocks-wrap\"><\/div><\/div>\n\n\n\n<div class=\"wp-block-uagb-container uagb-block-3cc2b083 alignfull uagb-is-root-container\"><div class=\"uagb-container-inner-blocks-wrap\"><\/div><\/div>\n\n\n\n<div class=\"wp-block-uagb-container uagb-block-aa826df8 alignfull uagb-is-root-container\"><div class=\"uagb-container-inner-blocks-wrap\">\n<div class=\"wp-block-uagb-container uagb-block-24ee78b9\">\n<div class=\"wp-block-uagb-advanced-heading uagb-block-bd2a9428\"><h2 class=\"uagb-heading-text\">OBRA CIVIL<\/h2><\/div>\n<\/div>\n<\/div><\/div>\n\n\n\n<div class=\"wp-block-media-text alignwide has-media-on-the-right is-stacked-on-mobile\" style=\"grid-template-columns:auto 54%\"><div class=\"wp-block-media-text__content\">\n<p>Construcci\u00f3n de edificaci\u00f3n bajo los m\u00e1s altos est\u00e1ndares de calidad y el uso sostenible de recursos. Se realizan proyectos de ingenier\u00eda para la construcci\u00f3n de obras civiles, viviendas, obras p\u00fablicas, asesoramiento t\u00e9cnico para la remodelaci\u00f3n y construcci\u00f3n de obras.<\/p>\n\n\n\n<p>Nuestro compromiso es una alta rentabilidad en los proyectos, usando de manera eficiente los recursos y adicionando un est\u00e1ndar alto de calidad, siendo una empresa socialmente responsable y con consciencia ambiental.<\/p>\n\n\n\n<p class=\"has-medium-font-size\" id=\"block-64b542cb-c57d-427c-a39f-7e36405f5836\">  <\/p>\n<\/div><figure class=\"wp-block-media-text__media\"><img decoding=\"async\" loading=\"lazy\" width=\"589\" height=\"254\" src=\"http:\/\/ramzep.com\/wp-content\/uploads\/2022\/12\/Imagen4.jpg\" alt=\"\" class=\"wp-image-2178 size-full\" srcset=\"https:\/\/ramzep.com\/wp-content\/uploads\/2022\/12\/Imagen4.jpg 589w, https:\/\/ramzep.com\/wp-content\/uploads\/2022\/12\/Imagen4-300x129.jpg 300w\" sizes=\"(max-width: 589px) 100vw, 589px\" \/><\/figure><\/div>\n\n\n\n<div style=\"height:45px\" aria-hidden=\"true\" class=\"wp-block-spacer\"><\/div>\n","protected":false},"excerpt":{"rendered":"<p>Construcci\u00f3n de edificaci\u00f3n bajo los m\u00e1s altos est\u00e1ndares de calidad y el uso sostenible de recursos. Se realizan proyectos de ingenier\u00eda para la construcci\u00f3n de obras civiles, viviendas, obras p\u00fablicas, asesoramiento t\u00e9cnico para la remodelaci\u00f3n y construcci\u00f3n de obras. Nuestro compromiso es una alta rentabilidad en los proyectos, usando de manera eficiente los recursos y &hellip;<\/p>\n<p class=\"read-more\"> <a class=\"\" href=\"https:\/\/ramzep.com\/index.php\/construccion\/\"> <span class=\"screen-reader-text\">Construccion<\/span> Leer m\u00e1s &raquo;<\/a><\/p>\n","protected":false},"author":1,"featured_media":0,"parent":0,"menu_order":0,"comment_status":"closed","ping_status":"closed","template":"","meta":{"om_disable_all_campaigns":false,"_uag_custom_page_level_css":"","_mi_skip_tracking":false,"site-sidebar-layout":"default","site-content-layout":"page-builder","ast-global-header-display":"","ast-main-header-display":"","ast-hfb-above-header-display":"","ast-hfb-below-header-display":"","ast-hfb-mobile-header-display":"","site-post-title":"disabled","ast-breadcrumbs-content":"","ast-featured-img":"","footer-sml-layout":"","theme-transparent-header-meta":"","adv-header-id-meta":"","stick-header-meta":"","header-above-stick-meta":"","header-main-stick-meta":"","header-below-stick-meta":""},"aioseo_notices":[],"uagb_featured_image_src":{"full":false,"thumbnail":false,"medium":false,"medium_large":false,"large":false,"1536x1536":false,"2048x2048":false},"uagb_author_info":{"display_name":"jesus_ramirez96@live.com","author_link":"https:\/\/ramzep.com\/index.php\/author\/jesus_ramirez96live-com\/"},"uagb_comment_info":0,"uagb_excerpt":"Construcci\u00f3n de edificaci\u00f3n bajo los m\u00e1s altos est\u00e1ndares de calidad y el uso sostenible de recursos. Se realizan proyectos de ingenier\u00eda para la construcci\u00f3n de obras civiles, viviendas, obras p\u00fablicas, asesoramiento t\u00e9cnico para la remodelaci\u00f3n y construcci\u00f3n de obras. Nuestro compromiso es una alta rentabilidad en los proyectos, usando de manera eficiente los recursos y&hellip;","_links":{"self":[{"href":"https:\/\/ramzep.com\/index.php\/wp-json\/wp\/v2\/pages\/2361"}],"collection":[{"href":"https:\/\/ramzep.com\/index.php\/wp-json\/wp\/v2\/pages"}],"about":[{"href":"https:\/\/ramzep.com\/index.php\/wp-json\/wp\/v2\/types\/page"}],"author":[{"embeddable":true,"href":"https:\/\/ramzep.com\/index.php\/wp-json\/wp\/v2\/users\/1"}],"replies":[{"embeddable":true,"href":"https:\/\/ramzep.com\/index.php\/wp-json\/wp\/v2\/comments?post=2361"}],"version-history":[{"count":5,"href":"https:\/\/ramzep.com\/index.php\/wp-json\/wp\/v2\/pages\/2361\/revisions"}],"predecessor-version":[{"id":2388,"href":"https:\/\/ramzep.com\/index.php\/wp-json\/wp\/v2\/pages\/2361\/revisions\/2388"}],"wp:attachment":[{"href":"https:\/\/ramzep.com\/index.php\/wp-json\/wp\/v2\/media?parent=2361"}],"curies":[{"name":"wp","href":"https:\/\/api.w.org\/{rel}","templated":true}]}}